{"id":151,"date":"2020-10-07T15:11:57","date_gmt":"2020-10-07T14:11:57","guid":{"rendered":"http:\/\/wp.xn--zeitfreuch-eeb.de\/?page_id=151"},"modified":"2020-10-07T15:12:18","modified_gmt":"2020-10-07T14:12:18","slug":"schmerztherapie-behandlung","status":"publish","type":"page","link":"https:\/\/xn--zeitfreuch-eeb.de\/?page_id=151","title":{"rendered":"Schmerztherapie-Behandlung"},"content":{"rendered":"\n<p>Viele Schmerzen entstehen nicht durch den Verschlei\u00df der Strukturen, sondern werden vom Gehirn durch \u00fcberh\u00f6hte muskul\u00e4r-fasziale Fehlspannungen registriert.<br><br>Durch Lokalisierung der Schmerzpunkte kann durch gezieltes Dr\u00fccken der Alarmschmerz-Rezeptoren der Schmerz gelindert, bzw. behandelt werden.<\/p>\n\n\n\n<p>Hierbei wende ich Methoden der Osteopressur (auch Schmerzpunktpressur genannt) nach \u201eLiebscher &amp; Bracht\u201c an, in denen ich mich in einem Seminar ausbilden lie\u00df.<\/p>\n\n\n\n<p>Diese Form der Triggerpunkt-Schmerz-Akupressur verschafft Ihnen schon nach der ersten Sitzung eine sp\u00fcrbare Linderung und kann in anschlie\u00dfenden Sitzungen weiter verringert werden.<\/p>\n\n\n\n<p>Weiterhin erhalten Sie schon beim ersten Termin wertvolle Tipps f\u00fcr Schmerzfrei\u00fcbungen, die auf Ihre Beschwerden angepasst werden \u2013 bis hin zu einem \u00dcbungsplan f\u00fcr Eigen\u00fcbungen.<\/p>\n\n\n\n<p>Weitere Informationen gebe ich Ihnen gerne vorab telefonisch und freue mich auf eine Terminvereinbarung!<\/p>\n","protected":false},"excerpt":{"rendered":"<p>Viele Schmerzen entstehen nicht durch den Verschlei\u00df der Strukturen, sondern werden vom Gehirn durch \u00fcberh\u00f6hte muskul\u00e4r-fasziale Fehlspannungen registriert. Durch Lokalisierung der Schmerzpunkte kann durch gezieltes Dr\u00fccken der Alarmschmerz-Rezeptoren der Schmerz gelindert, bzw. behandelt werden. Hierbei wende ich Methoden der Osteopressur (auch Schmerzpunktpressur genannt) nach \u201eLiebscher &amp; Bracht\u201c an, in denen ich mich in einem Seminar &hellip; <\/p>\n","protected":false},"author":1,"featured_media":0,"parent":0,"menu_order":0,"comment_status":"closed","ping_status":"closed","template":"","meta":{"footnotes":""},"_links":{"self":[{"href":"https:\/\/xn--zeitfreuch-eeb.de\/index.php?rest_route=\/wp\/v2\/pages\/151"}],"collection":[{"href":"https:\/\/xn--zeitfreuch-eeb.de\/index.php?rest_route=\/wp\/v2\/pages"}],"about":[{"href":"https:\/\/xn--zeitfreuch-eeb.de\/index.php?rest_route=\/wp\/v2\/types\/page"}],"author":[{"embeddable":true,"href":"https:\/\/xn--zeitfreuch-eeb.de\/index.php?rest_route=\/wp\/v2\/users\/1"}],"replies":[{"embeddable":true,"href":"https:\/\/xn--zeitfreuch-eeb.de\/index.php?rest_route=%2Fwp%2Fv2%2Fcomments&post=151"}],"version-history":[{"count":2,"href":"https:\/\/xn--zeitfreuch-eeb.de\/index.php?rest_route=\/wp\/v2\/pages\/151\/revisions"}],"predecessor-version":[{"id":153,"href":"https:\/\/xn--zeitfreuch-eeb.de\/index.php?rest_route=\/wp\/v2\/pages\/151\/revisions\/153"}],"wp:attachment":[{"href":"https:\/\/xn--zeitfreuch-eeb.de\/index.php?rest_route=%2Fwp%2Fv2%2Fmedia&parent=151"}],"curies":[{"name":"wp","href":"https:\/\/api.w.org\/{rel}","templated":true}]}}