{"id":16,"date":"2020-02-14T13:57:38","date_gmt":"2020-02-14T13:57:38","guid":{"rendered":"http:\/\/wp.xn--zeitfreuch-eeb.de\/?page_id=16"},"modified":"2024-01-09T13:15:48","modified_gmt":"2024-01-09T12:15:48","slug":"marc-seite","status":"publish","type":"page","link":"https:\/\/xn--zeitfreuch-eeb.de\/?page_id=16","title":{"rendered":"\u00dcber mich"},"content":{"rendered":"\n<p>Seit \u00fcber 25 Jahren besch\u00e4ftige ich mich mit den Themen Gesundheit, Wellness und Bewegung. Nach meinen mehrj\u00e4hrigen Ausbildungen zur examinierten Krankenschwester und Wellnessspezialistin habe ich 2019 mein eigenes Massagestudio er\u00f6ffnet, um mich ganz individuell um die Entspannung, Schmerzfreiheit und das innere Wohlbefinden meiner Kunden zu k\u00fcmmern. <\/p>\n\n\n\n<p>Um Ihnen eine professionelle und effiziente Massage bieten zu k\u00f6nnen, bilde ich mich regelm\u00e4\u00dfig f\u00fcr Sie weiter. Hierbei interessieren mich neue Techniken und ganzheitliche Erkenntnisse, die ich auf Ihre Bed\u00fcrfnisse anpasse.<\/p>\n\n\n\n<p>Ich freue mich auf Ihre Terminanfrage<\/p>\n\n\n\n<p>Herzlichst<\/p>\n\n\n\n<p>Sabine M\u00fcller<\/p>\n\n\n\n<figure class=\"wp-block-image size-large is-resized\"><img loading=\"lazy\" decoding=\"async\" width=\"683\" height=\"1024\" src=\"http:\/\/wp.xn--zeitfreuch-eeb.de\/wp-content\/uploads\/2020\/02\/ID-2-683x1024.jpg\" alt=\"\" class=\"wp-image-64\" style=\"width:345px;height:516px\" srcset=\"https:\/\/xn--zeitfreuch-eeb.de\/wp-content\/uploads\/2020\/02\/ID-2-683x1024.jpg 683w, https:\/\/xn--zeitfreuch-eeb.de\/wp-content\/uploads\/2020\/02\/ID-2-200x300.jpg 200w, https:\/\/xn--zeitfreuch-eeb.de\/wp-content\/uploads\/2020\/02\/ID-2.jpg 720w\" sizes=\"(max-width: 683px) 100vw, 683px\" \/><figcaption class=\"wp-element-caption\">Sabine M\u00fcller<\/figcaption><\/figure>\n\n\n\n<h1 class=\"wp-block-heading\">Platzwiesstr. 13 &#8211; 65207 Wiesbaden-Naurod<\/h1>\n\n\n\n<h1 class=\"wp-block-heading\">Tel. 0172-7701077<\/h1>\n\n\n\n<h1 class=\"wp-block-heading\">E-Mail: termin@zeitfuereuch.com<\/h1>\n\n\n\n<p><\/p>\n","protected":false},"excerpt":{"rendered":"<p>Seit \u00fcber 25 Jahren besch\u00e4ftige ich mich mit den Themen Gesundheit, Wellness und Bewegung. Nach meinen mehrj\u00e4hrigen Ausbildungen zur examinierten Krankenschwester und Wellnessspezialistin habe ich 2019 mein eigenes Massagestudio er\u00f6ffnet, um mich ganz individuell um die Entspannung, Schmerzfreiheit und das innere Wohlbefinden meiner Kunden zu k\u00fcmmern. Um Ihnen eine professionelle und effiziente Massage bieten zu &hellip; <\/p>\n","protected":false},"author":1,"featured_media":0,"parent":0,"menu_order":0,"comment_status":"closed","ping_status":"closed","template":"","meta":{"footnotes":""},"_links":{"self":[{"href":"https:\/\/xn--zeitfreuch-eeb.de\/index.php?rest_route=\/wp\/v2\/pages\/16"}],"collection":[{"href":"https:\/\/xn--zeitfreuch-eeb.de\/index.php?rest_route=\/wp\/v2\/pages"}],"about":[{"href":"https:\/\/xn--zeitfreuch-eeb.de\/index.php?rest_route=\/wp\/v2\/types\/page"}],"author":[{"embeddable":true,"href":"https:\/\/xn--zeitfreuch-eeb.de\/index.php?rest_route=\/wp\/v2\/users\/1"}],"replies":[{"embeddable":true,"href":"https:\/\/xn--zeitfreuch-eeb.de\/index.php?rest_route=%2Fwp%2Fv2%2Fcomments&post=16"}],"version-history":[{"count":10,"href":"https:\/\/xn--zeitfreuch-eeb.de\/index.php?rest_route=\/wp\/v2\/pages\/16\/revisions"}],"predecessor-version":[{"id":178,"href":"https:\/\/xn--zeitfreuch-eeb.de\/index.php?rest_route=\/wp\/v2\/pages\/16\/revisions\/178"}],"wp:attachment":[{"href":"https:\/\/xn--zeitfreuch-eeb.de\/index.php?rest_route=%2Fwp%2Fv2%2Fmedia&parent=16"}],"curies":[{"name":"wp","href":"https:\/\/api.w.org\/{rel}","templated":true}]}}