{"id":45,"date":"2020-02-14T16:38:32","date_gmt":"2020-02-14T15:38:32","guid":{"rendered":"http:\/\/wp.xn--zeitfreuch-eeb.de\/?page_id=45"},"modified":"2021-03-05T23:36:17","modified_gmt":"2021-03-05T22:36:17","slug":"firmenkunden","status":"publish","type":"page","link":"https:\/\/xn--zeitfreuch-eeb.de\/?page_id=45","title":{"rendered":"Firmenkunden"},"content":{"rendered":"\n<p>Langes Sitzen an Bildschirmarbeitspl\u00e4tzen und einseitige k\u00f6rperliche Arbeit k\u00f6nnen zu&nbsp;Verspannungen oder gar Schmerzen im unteren und oberen R\u00fcckenbereich f\u00fchren. Mit der mobilen Massage als pr\u00e4ventive Ma\u00dfnahme kann in Ihrem Betrieb Abhilfe geschaffen werden.<\/p>\n\n\n\n<p>In ca. 15 \u2013 20 Minuten genie\u00dfen Ihre Mitarbeiter eine effektive R\u00fcckenmassage und tanken neue Kraft.<\/p>\n\n\n\n<p>Mit diesen Pr\u00e4ventionsma\u00dfnahmen zur Gesunderhaltung ihrer Mitarbeiter sparen Sie als Arbeitgeber Kosten durch weniger Krankenstand. <\/p>\n\n\n\n<p>Massiert wird auf einer Massageliege oder einem Massagestuhl &#8211; auf Wunsch mit hochwertigen \u00d6len oder Cremes, die rasch in die Haut einziehen. Die Massage findet stets nach den individuellen Bed\u00fcrfnissen des Mitarbeiters statt.  Bitte stellen Sie hierzu einen Raum zur Verf\u00fcgung, in dem die Massagen durchgef\u00fchrt werden k\u00f6nnen. <\/p>\n\n\n\n<p>Weiterhin haben Sie die M\u00f6glichkeit, individuelle Massagegutscheine f\u00fcr Ihre Mitarbeiter zu erwerben, die diese dann in meiner Praxis einl\u00f6sen k\u00f6nnen. Ob zum Geburtstag, Jubil\u00e4um oder als Aufmerksamkeit f\u00fcr herausragende&nbsp; Leistung \u2013 schenken Sie Ihrem Mitarbeiter einen individuellen Gutschein f\u00fcr eine oder mehrere Massagen. <\/p>\n\n\n\n<p>Ich freue mich auf Ihre Angebotsanfrage!<\/p>\n\n\n\n<p>  <\/p>\n","protected":false},"excerpt":{"rendered":"<p>Langes Sitzen an Bildschirmarbeitspl\u00e4tzen und einseitige k\u00f6rperliche Arbeit k\u00f6nnen zu&nbsp;Verspannungen oder gar Schmerzen im unteren und oberen R\u00fcckenbereich f\u00fchren. Mit der mobilen Massage als pr\u00e4ventive Ma\u00dfnahme kann in Ihrem Betrieb Abhilfe geschaffen werden. In ca. 15 \u2013 20 Minuten genie\u00dfen Ihre Mitarbeiter eine effektive R\u00fcckenmassage und tanken neue Kraft. Mit diesen Pr\u00e4ventionsma\u00dfnahmen zur Gesunderhaltung ihrer &hellip; <\/p>\n","protected":false},"author":1,"featured_media":0,"parent":0,"menu_order":0,"comment_status":"closed","ping_status":"closed","template":"","meta":{"footnotes":""},"_links":{"self":[{"href":"https:\/\/xn--zeitfreuch-eeb.de\/index.php?rest_route=\/wp\/v2\/pages\/45"}],"collection":[{"href":"https:\/\/xn--zeitfreuch-eeb.de\/index.php?rest_route=\/wp\/v2\/pages"}],"about":[{"href":"https:\/\/xn--zeitfreuch-eeb.de\/index.php?rest_route=\/wp\/v2\/types\/page"}],"author":[{"embeddable":true,"href":"https:\/\/xn--zeitfreuch-eeb.de\/index.php?rest_route=\/wp\/v2\/users\/1"}],"replies":[{"embeddable":true,"href":"https:\/\/xn--zeitfreuch-eeb.de\/index.php?rest_route=%2Fwp%2Fv2%2Fcomments&post=45"}],"version-history":[{"count":10,"href":"https:\/\/xn--zeitfreuch-eeb.de\/index.php?rest_route=\/wp\/v2\/pages\/45\/revisions"}],"predecessor-version":[{"id":165,"href":"https:\/\/xn--zeitfreuch-eeb.de\/index.php?rest_route=\/wp\/v2\/pages\/45\/revisions\/165"}],"wp:attachment":[{"href":"https:\/\/xn--zeitfreuch-eeb.de\/index.php?rest_route=%2Fwp%2Fv2%2Fmedia&parent=45"}],"curies":[{"name":"wp","href":"https:\/\/api.w.org\/{rel}","templated":true}]}}