{"id":68,"date":"2020-02-16T18:41:13","date_gmt":"2020-02-16T17:41:13","guid":{"rendered":"http:\/\/wp.xn--zeitfreuch-eeb.de\/?page_id=68"},"modified":"2020-03-02T23:33:15","modified_gmt":"2020-03-02T22:33:15","slug":"impressum","status":"publish","type":"page","link":"https:\/\/xn--zeitfreuch-eeb.de\/?page_id=68","title":{"rendered":"Impressum"},"content":{"rendered":"\n<h2 class=\"has-luminous-vivid-orange-color has-text-color wp-block-heading\">Angaben gem\u00e4\u00df \u00a7 5 TMG<\/h2>\n\n\n\n<p>Sabine M\u00fcller<br>\n                            Wellnessmassagen<br>\n                            Platzwiesstrasse 13<br>\n                            65207 Wiesbaden<\/p>\n\n\n\n<h2 class=\"has-luminous-vivid-orange-color has-text-color wp-block-heading\">Kontakt<\/h2>\n\n\n\n<p>Telefon: 01727701077<br>\n                            E-Mail: termin@zeitf\u00fcreuch.de<\/p>\n\n\n\n<h2 class=\"has-luminous-vivid-orange-color has-text-color wp-block-heading\">Angaben zur Berufshaftpflichtversicherung<\/h2>\n\n\n\n<p><strong>Name und Sitz des Versicherers:<\/strong><br>\n                            Zurich insurance plc<br>\n                            Platz der Einheit 2<br>\n                            60327 Frankfurt am Main<\/p>\n\n\n\n<p><strong>Geltungsraum der Versicherung:<\/strong><br>Deutschland<\/p>\n\n\n\n<h2 class=\"has-luminous-vivid-orange-color has-text-color wp-block-heading\">Streitschlichtung<\/h2>\n\n\n\n<p>Die Europ\u00e4ische Kommission stellt eine Plattform zur Online-Streitbeilegung (OS)\n                            bereit:\n                            <a href=\"https:\/\/ec.europa.eu\/consumers\/odr\" target=\"_blank\" rel=\"noreferrer noopener\">https:\/\/ec.europa.eu\/consumers\/odr<\/a>.<br> Unsere\n                            E-Mail-Adresse finden Sie oben im\n                            Impressum.<\/p>\n\n\n\n<p>Wir sind nicht bereit oder verpflichtet, an Streitbeilegungsverfahren vor einer\n                            Verbraucherschlichtungsstelle\n                            teilzunehmen.<\/p>\n\n\n\n<h3 class=\"has-luminous-vivid-orange-color has-text-color wp-block-heading\">Haftung f\u00fcr Inhalte<\/h3>\n\n\n\n<p>Als Diensteanbieter sind wir gem\u00e4\u00df \u00a7 7 Abs.1 TMG f\u00fcr eigene Inhalte\n                            auf\n                            diesen Seiten nach den\n                            allgemeinen Gesetzen verantwortlich. Nach \u00a7\u00a7 8 bis 10 TMG sind wir als\n                            Diensteanbieter jedoch nicht\n                            verpflichtet, \u00fcbermittelte oder gespeicherte fremde Informationen zu\n                            \u00fcberwachen\n                            oder nach Umst\u00e4nden\n                            zu forschen, die auf eine rechtswidrige T\u00e4tigkeit hinweisen.<\/p>\n\n\n\n<p>Verpflichtungen zur Entfernung oder Sperrung der Nutzung von Informationen nach den\n                            allgemeinen Gesetzen bleiben\n                            hiervon unber\u00fchrt. Eine diesbez\u00fcgliche Haftung ist jedoch erst ab dem\n                            Zeitpunkt\n                            der\n                            Kenntnis einer\n                            konkreten Rechtsverletzung m\u00f6glich. Bei Bekanntwerden von entsprechenden\n                            Rechtsverletzungen werden wir diese\n                            Inhalte umgehend entfernen.<\/p>\n\n\n\n<h3 class=\"has-luminous-vivid-orange-color has-text-color wp-block-heading\">Haftung f\u00fcr Links<\/h3>\n\n\n\n<p>Unser Angebot enth\u00e4lt Links zu externen Websites Dritter, auf deren Inhalte wir\n                            keinen\n                            Einfluss haben. Deshalb\n                            k\u00f6nnen wir f\u00fcr diese fremden Inhalte auch keine Gew\u00e4hr \u00fcbernehmen.\n                            F\u00fcr die Inhalte der\n                            verlinkten Seiten ist stets der jeweilige Anbieter oder Betreiber der Seiten\n                            verantwortlich.\n                            Die verlinkten Seiten\n                            wurden zum Zeitpunkt der Verlinkung auf m\u00f6gliche Rechtsverst\u00f6\u00dfe\n                            \u00fcberpr\u00fcft. Rechtswidrige\n                            Inhalte waren zum Zeitpunkt der Verlinkung nicht erkennbar.<\/p>\n\n\n\n<p>Eine permanente inhaltliche Kontrolle der verlinkten Seiten ist jedoch ohne konkrete\n                            Anhaltspunkte einer\n                            Rechtsverletzung nicht zumutbar. Bei Bekanntwerden von Rechtsverletzungen werden wir\n                            derartige Links umgehend\n                            entfernen.<\/p>\n\n\n\n<h3 class=\"has-luminous-vivid-orange-color has-text-color wp-block-heading\">Urheberrecht<\/h3>\n\n\n\n<p>Die durch die Seitenbetreiber erstellten Inhalte und Werke auf diesen Seiten unterliegen\n                            dem\n                            deutschen Urheberrecht.\n                            Die Vervielf\u00e4ltigung, Bearbeitung, Verbreitung und jede Art der Verwertung\n                            au\u00dferhalb der Grenzen des\n                            Urheberrechtes bed\u00fcrfen der schriftlichen Zustimmung des jeweiligen Autors bzw.\n                            Erstellers. Downloads und\n                            Kopien dieser Seite sind nur f\u00fcr den privaten, nicht kommerziellen Gebrauch\n                            gestattet.\n                        <\/p>\n\n\n\n<p>Soweit die Inhalte auf dieser Seite nicht vom Betreiber erstellt wurden, werden die\n                            Urheberrechte Dritter beachtet.\n                            Insbesondere werden Inhalte Dritter als solche gekennzeichnet. Sollten Sie trotzdem auf\n                            eine\n                            Urheberrechtsverletzung\n                            aufmerksam werden, bitten wir um einen entsprechenden Hinweis. Bei Bekanntwerden von\n                            Rechtsverletzungen werden wir\n                            derartige Inhalte umgehend entfernen.<\/p>\n\n\n\n<p>Quelle: <a href=\"https:\/\/www.e-recht24.de\/\">eRecht24<\/a><\/p>\n","protected":false},"excerpt":{"rendered":"<p>Angaben gem\u00e4\u00df \u00a7 5 TMG Sabine M\u00fcller Wellnessmassagen Platzwiesstrasse 13 65207 Wiesbaden Kontakt Telefon: 01727701077 E-Mail: termin@zeitf\u00fcreuch.de Angaben zur Berufshaftpflichtversicherung Name und Sitz des Versicherers: Zurich insurance plc Platz der Einheit 2 60327 Frankfurt am Main Geltungsraum der Versicherung:Deutschland Streitschlichtung Die Europ\u00e4ische Kommission stellt eine Plattform zur Online-Streitbeilegung (OS) bereit: https:\/\/ec.europa.eu\/consumers\/odr. Unsere E-Mail-Adresse finden Sie &hellip; <\/p>\n","protected":false},"author":1,"featured_media":0,"parent":0,"menu_order":0,"comment_status":"closed","ping_status":"closed","template":"","meta":{"footnotes":""},"_links":{"self":[{"href":"https:\/\/xn--zeitfreuch-eeb.de\/index.php?rest_route=\/wp\/v2\/pages\/68"}],"collection":[{"href":"https:\/\/xn--zeitfreuch-eeb.de\/index.php?rest_route=\/wp\/v2\/pages"}],"about":[{"href":"https:\/\/xn--zeitfreuch-eeb.de\/index.php?rest_route=\/wp\/v2\/types\/page"}],"author":[{"embeddable":true,"href":"https:\/\/xn--zeitfreuch-eeb.de\/index.php?rest_route=\/wp\/v2\/users\/1"}],"replies":[{"embeddable":true,"href":"https:\/\/xn--zeitfreuch-eeb.de\/index.php?rest_route=%2Fwp%2Fv2%2Fcomments&post=68"}],"version-history":[{"count":3,"href":"https:\/\/xn--zeitfreuch-eeb.de\/index.php?rest_route=\/wp\/v2\/pages\/68\/revisions"}],"predecessor-version":[{"id":91,"href":"https:\/\/xn--zeitfreuch-eeb.de\/index.php?rest_route=\/wp\/v2\/pages\/68\/revisions\/91"}],"wp:attachment":[{"href":"https:\/\/xn--zeitfreuch-eeb.de\/index.php?rest_route=%2Fwp%2Fv2%2Fmedia&parent=68"}],"curies":[{"name":"wp","href":"https:\/\/api.w.org\/{rel}","templated":true}]}}